{"id":113,"date":"2022-06-27T19:44:17","date_gmt":"2022-06-27T19:44:17","guid":{"rendered":"https:\/\/www.mn-creativity.ch\/svenliechti\/?page_id=113"},"modified":"2023-10-17T20:21:54","modified_gmt":"2023-10-17T20:21:54","slug":"unterstuetzen","status":"publish","type":"page","link":"https:\/\/www.mn-creativity.ch\/svenliechti\/unterstuetzen\/","title":{"rendered":"Unterst\u00fctzen Sie mich?"},"content":{"rendered":"\n<p><strong>Deshalb sollten Sie mich unterst\u00fctzen<\/strong><\/p>\n\n\n\n<ul>\n<li>Freuen Sie sich auf einen sympathischen coolen Kerl<\/li>\n\n\n\n<li>Mein Ehrgeiz und mein Siegeswille lassen mich meine Ziele nie aus den Augen verlieren<\/li>\n\n\n\n<li>Mir liegt eine enge und ehrliche Zusammenarbeit sehr am Herzen<\/li>\n\n\n\n<li>Sie und Ihre Firma\/Marke werden in jeder Hinsicht erstklassig repr\u00e4sentiert.<\/li>\n\n\n\n<li>Sie d\u00fcrfen mich namentlich und mit Foto auf Ihrer Website erw\u00e4hnen, als Zeichen der Nachwuchsf\u00f6rderung im Schweizer Schneesport<\/li>\n\n\n\n<li>Sie erhalten j\u00e4hrlich einen Leistungsbericht (Saisonr\u00fcckblick)<\/li>\n<\/ul>\n\n\n\n<p><\/p>\n\n\n\n<hr class=\"wp-block-separator has-alpha-channel-opacity\"\/>\n\n\n\n<p><\/p>\n\n\n\n<figure class=\"wp-block-image size-large\"><a href=\"https:\/\/www.sporthilfe.ch\/de\/Wem-helfen-Sie\/Athletenportraits\/Portrait.html?athleteId=25314&amp;intern=true\" target=\"_blank\" rel=\"noreferrer noopener\"><img loading=\"lazy\" decoding=\"async\" width=\"1024\" height=\"151\" src=\"https:\/\/www.mn-creativity.ch\/svenliechti\/wp-content\/uploads\/2022\/06\/sporthilfe-1024x151.jpg\" alt=\"\" class=\"wp-image-128\" srcset=\"https:\/\/www.mn-creativity.ch\/svenliechti\/wp-content\/uploads\/2022\/06\/sporthilfe-1024x151.jpg 1024w, https:\/\/www.mn-creativity.ch\/svenliechti\/wp-content\/uploads\/2022\/06\/sporthilfe-300x44.jpg 300w, https:\/\/www.mn-creativity.ch\/svenliechti\/wp-content\/uploads\/2022\/06\/sporthilfe-768x113.jpg 768w, https:\/\/www.mn-creativity.ch\/svenliechti\/wp-content\/uploads\/2022\/06\/sporthilfe-583x86.jpg 583w, https:\/\/www.mn-creativity.ch\/svenliechti\/wp-content\/uploads\/2022\/06\/sporthilfe.jpg 1115w\" sizes=\"(max-width: 1024px) 100vw, 1024px\" \/><\/a><\/figure>\n\n\n\n<p><\/p>\n\n\n\n<hr class=\"wp-block-separator has-alpha-channel-opacity\"\/>\n\n\n\n<div class=\"wp-block-columns is-layout-flex wp-container-core-columns-layout-3 wp-block-columns-is-layout-flex\">\n<div class=\"wp-block-column is-vertically-aligned-center is-layout-flow wp-block-column-is-layout-flow\" style=\"flex-basis:100%\">\n<div class=\"wp-block-columns is-layout-flex wp-container-core-columns-layout-2 wp-block-columns-is-layout-flex\">\n<div class=\"wp-block-column is-layout-flow wp-block-column-is-layout-flow\" style=\"flex-basis:100%\">\n<div class=\"wp-block-columns is-layout-flex wp-container-core-columns-layout-1 wp-block-columns-is-layout-flex\">\n<div class=\"wp-block-column is-layout-flow wp-block-column-is-layout-flow\"><div class=\"wp-block-image\">\n<figure class=\"aligncenter size-large is-resized\"><img loading=\"lazy\" decoding=\"async\" width=\"1024\" height=\"388\" src=\"https:\/\/www.mn-creativity.ch\/svenliechti\/wp-content\/uploads\/2022\/12\/twint_logo_quer_pos_rgb-1024x388.png\" alt=\"\" class=\"wp-image-298\" style=\"width:211px;height:80px\"\/><\/figure><\/div>\n\n\n<p class=\"has-text-align-center has-large-font-size\">Sie k\u00f6nnen mich auch via TWINT unterst\u00fctzen.<br><\/p>\n\n\n\n<hr class=\"wp-block-separator has-alpha-channel-opacity\"\/>\n\n\n\n<p class=\"has-text-align-center has-sitetext-color has-sitebg-background-color has-text-color has-background has-large-font-size\"><strong>Herzlichen Dank an alle die mich unterst\u00fctzen!<\/strong><\/p>\n<\/div>\n<\/div>\n<\/div>\n<\/div>\n<\/div>\n<\/div>\n","protected":false},"excerpt":{"rendered":"<p>Deshalb sollten Sie mich unterst\u00fctzen Sie k\u00f6nnen mich auch via TWINT unterst\u00fctzen. Herzlichen Dank an alle die mich unterst\u00fctzen!<\/p>\n","protected":false},"author":1,"featured_media":0,"parent":0,"menu_order":0,"comment_status":"closed","ping_status":"closed","template":"","meta":{"footnotes":""},"_links":{"self":[{"href":"https:\/\/www.mn-creativity.ch\/svenliechti\/wp-json\/wp\/v2\/pages\/113"}],"collection":[{"href":"https:\/\/www.mn-creativity.ch\/svenliechti\/wp-json\/wp\/v2\/pages"}],"about":[{"href":"https:\/\/www.mn-creativity.ch\/svenliechti\/wp-json\/wp\/v2\/types\/page"}],"author":[{"embeddable":true,"href":"https:\/\/www.mn-creativity.ch\/svenliechti\/wp-json\/wp\/v2\/users\/1"}],"replies":[{"embeddable":true,"href":"https:\/\/www.mn-creativity.ch\/svenliechti\/wp-json\/wp\/v2\/comments?post=113"}],"version-history":[{"count":29,"href":"https:\/\/www.mn-creativity.ch\/svenliechti\/wp-json\/wp\/v2\/pages\/113\/revisions"}],"predecessor-version":[{"id":373,"href":"https:\/\/www.mn-creativity.ch\/svenliechti\/wp-json\/wp\/v2\/pages\/113\/revisions\/373"}],"wp:attachment":[{"href":"https:\/\/www.mn-creativity.ch\/svenliechti\/wp-json\/wp\/v2\/media?parent=113"}],"curies":[{"name":"wp","href":"https:\/\/api.w.org\/{rel}","templated":true}]}}