{"id":31,"date":"2016-04-28T05:37:06","date_gmt":"2016-04-28T05:37:06","guid":{"rendered":"http:\/\/www.mn-creativity.ch\/hobbywurster\/?page_id=31"},"modified":"2016-11-22T21:59:50","modified_gmt":"2016-11-22T21:59:50","slug":"was-brauche-ich-zum-wursten","status":"publish","type":"page","link":"https:\/\/www.mn-creativity.ch\/hobbywurster\/was-brauche-ich-zum-wursten","title":{"rendered":"Was brauche ich zum Wursten?"},"content":{"rendered":"<p>Um mit Wursten zu starten, braucht es gar nicht so viel an Ausr\u00fcstung. Es reicht ein scharfes Messer und ein Fleischwolf. Es gibt Ger\u00e4te ab CHF 100.00 mit Wurstf\u00fcller als Zubeh\u00f6r. Dies reicht zum Starten v\u00f6llig aus. Vielleicht besitzen Sie bereits eine Haushaltmaschine, dann gibt es meist eine Wolf als Zubeh\u00f6r. Als letztes braucht Ihr noch eine Waage um die Gew\u00fcrze abw\u00e4gen zu k\u00f6nnen. Ich empfehle eine Waage welche im zehntel Gramm Bereich w\u00e4gen kann.<\/p>\n<p>Hier gibt es ein paar Links zu Online-Shops:<\/p>\n<p><a href=\"http:\/\/www.galaxus.ch\/\"><u><span style=\"color: #0066cc;\">www.galaxus.ch<\/span><\/u><\/a><\/p>\n<p><a href=\"http:\/\/www.brack.ch\/\"><u><span style=\"color: #0066cc;\">www.brack.ch<\/span><\/u><\/a><\/p>\n<p><a href=\"http:\/\/www.amazon.ch\"><u><span style=\"color: #0066cc;\">www.amazon.ch<\/span><\/u><\/a> (liefern nicht alles in die Schweiz)<\/p>\n","protected":false},"excerpt":{"rendered":"<p>Um mit Wursten zu starten, braucht es gar nicht so viel an Ausr\u00fcstung. Es reicht ein scharfes Messer und ein Fleischwolf. Es gibt Ger\u00e4te ab CHF 100.00 mit Wurstf\u00fcller als Zubeh\u00f6r. Dies reicht zum Starten v\u00f6llig aus. Vielleicht besitzen Sie <a class=\"more-link\" href=\"https:\/\/www.mn-creativity.ch\/hobbywurster\/was-brauche-ich-zum-wursten\">weiterlesen&#8230;<\/a><\/p>\n","protected":false},"author":1,"featured_media":45,"parent":0,"menu_order":0,"comment_status":"closed","ping_status":"closed","template":"","meta":[],"_links":{"self":[{"href":"https:\/\/www.mn-creativity.ch\/hobbywurster\/wp-json\/wp\/v2\/pages\/31"}],"collection":[{"href":"https:\/\/www.mn-creativity.ch\/hobbywurster\/wp-json\/wp\/v2\/pages"}],"about":[{"href":"https:\/\/www.mn-creativity.ch\/hobbywurster\/wp-json\/wp\/v2\/types\/page"}],"author":[{"embeddable":true,"href":"https:\/\/www.mn-creativity.ch\/hobbywurster\/wp-json\/wp\/v2\/users\/1"}],"replies":[{"embeddable":true,"href":"https:\/\/www.mn-creativity.ch\/hobbywurster\/wp-json\/wp\/v2\/comments?post=31"}],"version-history":[{"count":1,"href":"https:\/\/www.mn-creativity.ch\/hobbywurster\/wp-json\/wp\/v2\/pages\/31\/revisions"}],"predecessor-version":[{"id":32,"href":"https:\/\/www.mn-creativity.ch\/hobbywurster\/wp-json\/wp\/v2\/pages\/31\/revisions\/32"}],"wp:featuredmedia":[{"embeddable":true,"href":"https:\/\/www.mn-creativity.ch\/hobbywurster\/wp-json\/wp\/v2\/media\/45"}],"wp:attachment":[{"href":"https:\/\/www.mn-creativity.ch\/hobbywurster\/wp-json\/wp\/v2\/media?parent=31"}],"curies":[{"name":"wp","href":"https:\/\/api.w.org\/{rel}","templated":true}]}}