{"id":131,"date":"2017-08-30T22:17:12","date_gmt":"2017-08-30T22:17:12","guid":{"rendered":"http:\/\/www.hobbywurster.ch\/?page_id=131"},"modified":"2024-06-29T07:33:26","modified_gmt":"2024-06-29T07:33:26","slug":"der-hobbywurster","status":"publish","type":"page","link":"https:\/\/www.mn-creativity.ch\/hobbywurster\/der-hobbywurster","title":{"rendered":"Der Hobbywurster"},"content":{"rendered":"<p><a href=\"http:\/\/www.mn-creativity.ch\/hobbywurster\/wp-content\/uploads\/2017\/09\/derhobbywurster.png\"><img loading=\"lazy\" class=\"alignleft size-medium wp-image-143\" src=\"http:\/\/www.mn-creativity.ch\/hobbywurster\/wp-content\/uploads\/2017\/09\/derhobbywurster-300x174.png\" alt=\"\" width=\"300\" height=\"174\" srcset=\"https:\/\/www.mn-creativity.ch\/hobbywurster\/wp-content\/uploads\/2017\/09\/derhobbywurster-300x174.png 300w, https:\/\/www.mn-creativity.ch\/hobbywurster\/wp-content\/uploads\/2017\/09\/derhobbywurster-150x87.png 150w, https:\/\/www.mn-creativity.ch\/hobbywurster\/wp-content\/uploads\/2017\/09\/derhobbywurster-600x348.png 600w, https:\/\/www.mn-creativity.ch\/hobbywurster\/wp-content\/uploads\/2017\/09\/derhobbywurster.png 713w\" sizes=\"(max-width: 300px) 100vw, 300px\" \/><\/a>Die meisten nennen mich Tinu und ich habe die 50iger Grenze knapp \u00fcbertreten. Ich bin gl\u00fccklich verheiratet mit Monika, wir haben 2 tolle Jungs und wir wohnen in Krauchthal. Meine Geld verdiene ich haupts\u00e4chlich in der IT-Branchen, was mir auch \u201emeistens\u201c Spass macht. Was mir aber immer Spass macht, ist das \u201eWursten\u201c. Das hat so angefangen, dass ich f\u00fcr meine Weiterbildung einen Praxisnachweis erbringen muss. Konkret muss ich 150 Unterrichtsstunden nachweisen, damit ich mich f\u00fcr die Pr\u00fcfung zum Erwachsenenbildner anmelden kann. Durch Zufall entdeckte ich ein Inserat der Migros Klubschule, wo sie einen Kursleiter f\u00fcr den Kurs \u201eBratw\u00fcrste selber herstellen\u201c suchten. Nach einem kurzen Bewerbungsgespr\u00e4ch bekam ich den Job und ich durfte auch gleich in der Welle 7 in Bern meinen ersten Kurs durchf\u00fchren. Das war 2016. Mittlerweile habe ich schon weit \u00fcber 1000 Kursteilnehmer zum \u201eHobbywurster\u201c ausgebildet. Wichtige Randnotiz: Ich habe urspr\u00fcnglich mal Bankmetzger gelernt. Die Nachfrage ist mittlerweile so gross, dass ich Anfragen ablehnen muss. Ist auch gut so, ich will ja Hobbywurster bleiben und nicht gleich eine Wursterei er\u00f6ffnen. Nat\u00fcrlich versuche ich immer wieder etwas neues aus, sei es mit R\u00e4uchern\u00a0 oder mit W\u00fcrste mit neuen Geschmacksrichtungen, wie Schokolade, Tr\u00fcffel, usw. Es sind fast keine Grenzen gesetzt und genau das ist es , was mir gef\u00e4llt. Wenn ihr noch mehr Informationen braucht, k\u00f6nnt ihr mich auch via <a href=\"https:\/\/www.facebook.com\/hobbywurster\/\">Facebook <\/a>erreichen.<\/p>\n<p>Ich freue mich auf jeden Kurs den ich geben darf. Es ist wirklich sehr einfach W\u00fcrste selber herzustellen und ich garantiere Euch ein einmaliges Geschmackserlebnis.<\/p>\n<p>Es ist mir eben nicht wurst was auf dem Tisch kommt. \ud83d\ude42<\/p>\n<p>Liebe Gr\u00fcsse Tinu (Hobbywurster)<\/p>\n","protected":false},"excerpt":{"rendered":"<p>Die meisten nennen mich Tinu und ich habe die 50iger Grenze knapp \u00fcbertreten. Ich bin gl\u00fccklich verheiratet mit Monika, wir haben 2 tolle Jungs und wir wohnen in Krauchthal. Meine Geld verdiene ich haupts\u00e4chlich in der IT-Branchen, was mir auch <a class=\"more-link\" href=\"https:\/\/www.mn-creativity.ch\/hobbywurster\/der-hobbywurster\">weiterlesen&#8230;<\/a><\/p>\n","protected":false},"author":1,"featured_media":0,"parent":0,"menu_order":0,"comment_status":"closed","ping_status":"closed","template":"","meta":[],"_links":{"self":[{"href":"https:\/\/www.mn-creativity.ch\/hobbywurster\/wp-json\/wp\/v2\/pages\/131"}],"collection":[{"href":"https:\/\/www.mn-creativity.ch\/hobbywurster\/wp-json\/wp\/v2\/pages"}],"about":[{"href":"https:\/\/www.mn-creativity.ch\/hobbywurster\/wp-json\/wp\/v2\/types\/page"}],"author":[{"embeddable":true,"href":"https:\/\/www.mn-creativity.ch\/hobbywurster\/wp-json\/wp\/v2\/users\/1"}],"replies":[{"embeddable":true,"href":"https:\/\/www.mn-creativity.ch\/hobbywurster\/wp-json\/wp\/v2\/comments?post=131"}],"version-history":[{"count":9,"href":"https:\/\/www.mn-creativity.ch\/hobbywurster\/wp-json\/wp\/v2\/pages\/131\/revisions"}],"predecessor-version":[{"id":281,"href":"https:\/\/www.mn-creativity.ch\/hobbywurster\/wp-json\/wp\/v2\/pages\/131\/revisions\/281"}],"wp:attachment":[{"href":"https:\/\/www.mn-creativity.ch\/hobbywurster\/wp-json\/wp\/v2\/media?parent=131"}],"curies":[{"name":"wp","href":"https:\/\/api.w.org\/{rel}","templated":true}]}}